{"id":2863,"date":"2020-11-07T19:36:57","date_gmt":"2020-11-07T19:36:57","guid":{"rendered":"https:\/\/superasiazaraiche.com\/?page_id=2863"},"modified":"2020-11-30T18:11:00","modified_gmt":"2020-11-30T18:11:00","slug":"merceria-2","status":"publish","type":"page","link":"https:\/\/superasiazaraiche.com\/?page_id=2863","title":{"rendered":"MERCERIA"},"content":{"rendered":"<div class=\"fusion-fullwidth fullwidth-box fusion-builder-row-1 fusion-flex-container nonhundred-percent-fullwidth non-hundred-percent-height-scrolling\" style=\"background-color: #f8f8f8;background-position: left top;background-repeat: no-repeat;border-width: 0px 0px 0px 0px;border-color:#eae9e9;border-style:solid;\" ><div class=\"fusion-builder-row fusion-row fusion-flex-align-items-flex-start\" style=\"max-width:calc( 1270px + 0px );margin-left: calc(-0px \/ 2 );margin-right: calc(-0px \/ 2 );\"><div class=\"fusion-layout-column fusion_builder_column fusion-builder-column-0 fusion_builder_column_1_1 1_1 fusion-flex-column fusion-flex-align-self-flex-start fusion-column-no-min-height\"><div class=\"fusion-column-wrapper fusion-flex-justify-content-flex-start fusion-content-layout-column\" style=\"background-position:left top;background-repeat:no-repeat;-webkit-background-size:cover;-moz-background-size:cover;-o-background-size:cover;background-size:cover;padding: 0px 0px 0px 0px;\"><style type=\"text\/css\">@media only screen and (max-width:1024px) {.fusion-title.fusion-title-1{margin-top:8px!important;margin-bottom:20px!important;}}@media only screen and (max-width:640px) {.fusion-title.fusion-title-1{margin-top:8px!important;margin-bottom:16px!important;}}<\/style><div class=\"fusion-title title fusion-title-1 fusion-sep-none fusion-title-center fusion-title-text fusion-title-size-two\" style=\"margin-top:8px;margin-bottom:20px;\"><h2 class=\"title-heading-center\" style=\"margin:0;\"><h4 style=\"text-align: center;\"><strong>\u00bfLANA?\u00bfTIJERAS? AQU\u00cd PODR\u00c1S ENCONTRAR MUCHO MAS QUE ESO<\/strong><\/h4><\/h2><\/div><\/div><\/div><style type=\"text\/css\">.fusion-body .fusion-builder-column-0{width:100% !important;margin-top : 0px;margin-bottom : 40px;}.fusion-builder-column-0 > .fusion-column-wrapper {padding-top : 0px !important;padding-right : 0px !important;margin-right : 0px;padding-bottom : 0px !important;padding-left : 0px !important;margin-left : 0px;}@media only screen and (max-width:1024px) {.fusion-body .fusion-builder-column-0{width:100% !important;}.fusion-builder-column-0 > .fusion-column-wrapper {margin-right : 0px;margin-left : 0px;}}@media only screen and (max-width:640px) {.fusion-body .fusion-builder-column-0{width:100% !important;}.fusion-builder-column-0 > .fusion-column-wrapper {margin-right : 0px;margin-left : 0px;}}<\/style><\/div><style type=\"text\/css\">.fusion-body .fusion-flex-container.fusion-builder-row-1{ padding-top : 38px;margin-top : 0px;padding-right : 0px;padding-bottom : 0px;margin-bottom : 0px;padding-left : 0px;}<\/style><\/div><div class=\"fusion-fullwidth fullwidth-box fusion-builder-row-2 fusion-flex-container nonhundred-percent-fullwidth non-hundred-percent-height-scrolling\" style=\"background-color: rgba(255,255,255,0);background-position: center center;background-repeat: no-repeat;border-width: 0px 0px 0px 0px;border-color:#eae9e9;border-style:solid;\" ><div class=\"fusion-builder-row fusion-row fusion-flex-align-items-flex-start\" style=\"max-width:1320.8px;margin-left: calc(-4% \/ 2 );margin-right: calc(-4% \/ 2 );\"><div class=\"fusion-layout-column fusion_builder_column fusion-builder-column-1 fusion_builder_column_1_4 1_4 fusion-flex-column\"><div class=\"fusion-column-wrapper fusion-flex-justify-content-flex-start fusion-content-layout-column\" style=\"background-position:left top;background-repeat:no-repeat;-webkit-background-size:cover;-moz-background-size:cover;-o-background-size:cover;background-size:cover;padding: 0px 0px 0px 0px;\"><div ><span class=\" fusion-imageframe imageframe-none imageframe-1 hover-type-none\"><a href=\"https:\/\/superasiazaraiche.com\/wp-content\/uploads\/2020\/09\/P1377460-108-scaled.jpg\" class=\"fusion-lightbox\" data-rel=\"iLightbox[2ebe45f512f5901ad41]\" data-title=\"P1377460-108\" title=\"P1377460-108\"><img width=\"2560\" height=\"1920\" src=\"https:\/\/superasiazaraiche.com\/wp-content\/uploads\/2020\/09\/P1377460-108-scaled.jpg\" class=\"img-responsive wp-image-3221\" srcset=\"https:\/\/superasiazaraiche.com\/wp-content\/uploads\/2020\/09\/P1377460-108-200x150.jpg 200w, https:\/\/superasiazaraiche.com\/wp-content\/uploads\/2020\/09\/P1377460-108-400x300.jpg 400w, https:\/\/superasiazaraiche.com\/wp-content\/uploads\/2020\/09\/P1377460-108-600x450.jpg 600w, https:\/\/superasiazaraiche.com\/wp-content\/uploads\/2020\/09\/P1377460-108-800x600.jpg 800w, https:\/\/superasiazaraiche.com\/wp-content\/uploads\/2020\/09\/P1377460-108-1200x900.jpg 1200w, https:\/\/superasiazaraiche.com\/wp-content\/uploads\/2020\/09\/P1377460-108-scaled.jpg 2560w\" sizes=\"(max-width: 1024px) 100vw, (max-width: 640px) 100vw, 400px\" \/><\/a><\/span><\/div><div class=\"fusion-text fusion-text-1\"><p style=\"text-align: center;\"><span style=\"vertical-align: inherit;\"><span style=\"vertical-align: inherit;\">Crea tu bufanda o su\u00e9ter favorito<\/span><\/span><\/p>\n<\/div><\/div><\/div><style type=\"text\/css\">.fusion-body .fusion-builder-column-1{width:25% !important;margin-top : 25px;margin-bottom : 25px;}.fusion-builder-column-1 > .fusion-column-wrapper {padding-top : 0px !important;padding-right : 0px !important;margin-right : 7.68%;padding-bottom : 0px !important;padding-left : 0px !important;margin-left : 7.68%;}@media only screen and (max-width:1024px) {.fusion-body .fusion-builder-column-1{width:100% !important;order : 0;}.fusion-builder-column-1 > .fusion-column-wrapper {margin-right : 1.92%;margin-left : 1.92%;}}@media only screen and (max-width:640px) {.fusion-body .fusion-builder-column-1{width:100% !important;order : 0;}.fusion-builder-column-1 > .fusion-column-wrapper {margin-right : 1.92%;margin-left : 1.92%;}}<\/style><div class=\"fusion-layout-column fusion_builder_column fusion-builder-column-2 fusion_builder_column_1_4 1_4 fusion-flex-column\"><div class=\"fusion-column-wrapper fusion-flex-justify-content-flex-start fusion-content-layout-column\" style=\"background-position:left top;background-repeat:no-repeat;-webkit-background-size:cover;-moz-background-size:cover;-o-background-size:cover;background-size:cover;padding: 0px 0px 0px 0px;\"><div ><span class=\" fusion-imageframe imageframe-none imageframe-2 hover-type-none\"><a href=\"https:\/\/superasiazaraiche.com\/wp-content\/uploads\/2020\/09\/P1377458-106-scaled.jpg\" class=\"fusion-lightbox\" data-rel=\"iLightbox[70ab12e75563f04f236]\" data-title=\"P1377458-106\" title=\"P1377458-106\"><img width=\"2560\" height=\"1920\" src=\"https:\/\/superasiazaraiche.com\/wp-content\/uploads\/2020\/09\/P1377458-106-scaled.jpg\" class=\"img-responsive wp-image-3219\" srcset=\"https:\/\/superasiazaraiche.com\/wp-content\/uploads\/2020\/09\/P1377458-106-200x150.jpg 200w, https:\/\/superasiazaraiche.com\/wp-content\/uploads\/2020\/09\/P1377458-106-400x300.jpg 400w, https:\/\/superasiazaraiche.com\/wp-content\/uploads\/2020\/09\/P1377458-106-600x450.jpg 600w, https:\/\/superasiazaraiche.com\/wp-content\/uploads\/2020\/09\/P1377458-106-800x600.jpg 800w, https:\/\/superasiazaraiche.com\/wp-content\/uploads\/2020\/09\/P1377458-106-1200x900.jpg 1200w, https:\/\/superasiazaraiche.com\/wp-content\/uploads\/2020\/09\/P1377458-106-scaled.jpg 2560w\" sizes=\"(max-width: 1024px) 100vw, (max-width: 640px) 100vw, 400px\" \/><\/a><\/span><\/div><div class=\"fusion-text fusion-text-2\"><p style=\"text-align: center;\"><span style=\"vertical-align: inherit;\"><span style=\"vertical-align: inherit;\">Lanas de todos los colores<\/span><\/span><\/p>\n<\/div><\/div><\/div><style type=\"text\/css\">.fusion-body .fusion-builder-column-2{width:25% !important;margin-top : 25px;margin-bottom : 25px;}.fusion-builder-column-2 > .fusion-column-wrapper {padding-top : 0px !important;padding-right : 0px !important;margin-right : 7.68%;padding-bottom : 0px !important;padding-left : 0px !important;margin-left : 7.68%;}@media only screen and (max-width:1024px) {.fusion-body .fusion-builder-column-2{width:100% !important;order : 0;}.fusion-builder-column-2 > .fusion-column-wrapper {margin-right : 1.92%;margin-left : 1.92%;}}@media only screen and (max-width:640px) {.fusion-body .fusion-builder-column-2{width:100% !important;order : 0;}.fusion-builder-column-2 > .fusion-column-wrapper {margin-right : 1.92%;margin-left : 1.92%;}}<\/style><div class=\"fusion-layout-column fusion_builder_column fusion-builder-column-3 fusion_builder_column_1_4 1_4 fusion-flex-column\"><div class=\"fusion-column-wrapper fusion-flex-justify-content-flex-start fusion-content-layout-column\" style=\"background-position:left top;background-repeat:no-repeat;-webkit-background-size:cover;-moz-background-size:cover;-o-background-size:cover;background-size:cover;padding: 0px 0px 0px 0px;\"><div ><span class=\" fusion-imageframe imageframe-none imageframe-3 hover-type-none\"><a href=\"https:\/\/superasiazaraiche.com\/wp-content\/uploads\/2020\/09\/P1377465-113-scaled.jpg\" class=\"fusion-lightbox\" data-rel=\"iLightbox[da7b8a6999d536045dd]\" data-title=\"P1377465-113\" title=\"P1377465-113\"><img width=\"2560\" height=\"1920\" src=\"https:\/\/superasiazaraiche.com\/wp-content\/uploads\/2020\/09\/P1377465-113-scaled.jpg\" class=\"img-responsive wp-image-3226\" srcset=\"https:\/\/superasiazaraiche.com\/wp-content\/uploads\/2020\/09\/P1377465-113-200x150.jpg 200w, https:\/\/superasiazaraiche.com\/wp-content\/uploads\/2020\/09\/P1377465-113-400x300.jpg 400w, https:\/\/superasiazaraiche.com\/wp-content\/uploads\/2020\/09\/P1377465-113-600x450.jpg 600w, https:\/\/superasiazaraiche.com\/wp-content\/uploads\/2020\/09\/P1377465-113-800x600.jpg 800w, https:\/\/superasiazaraiche.com\/wp-content\/uploads\/2020\/09\/P1377465-113-1200x900.jpg 1200w, https:\/\/superasiazaraiche.com\/wp-content\/uploads\/2020\/09\/P1377465-113-scaled.jpg 2560w\" sizes=\"(max-width: 1024px) 100vw, (max-width: 640px) 100vw, 400px\" \/><\/a><\/span><\/div><div class=\"fusion-text fusion-text-3\"><p style=\"text-align: center;\"><span style=\"vertical-align: inherit;\"><span style=\"vertical-align: inherit;\">Hilos, tijeras, botones&#8230;..<\/span><\/span><\/p>\n<\/div><\/div><\/div><style type=\"text\/css\">.fusion-body .fusion-builder-column-3{width:25% !important;margin-top : 25px;margin-bottom : 25px;}.fusion-builder-column-3 > .fusion-column-wrapper {padding-top : 0px !important;padding-right : 0px !important;margin-right : 7.68%;padding-bottom : 0px !important;padding-left : 0px !important;margin-left : 7.68%;}@media only screen and (max-width:1024px) {.fusion-body .fusion-builder-column-3{width:100% !important;order : 0;}.fusion-builder-column-3 > .fusion-column-wrapper {margin-right : 1.92%;margin-left : 1.92%;}}@media only screen and (max-width:640px) {.fusion-body .fusion-builder-column-3{width:100% !important;order : 0;}.fusion-builder-column-3 > .fusion-column-wrapper {margin-right : 1.92%;margin-left : 1.92%;}}<\/style><div class=\"fusion-layout-column fusion_builder_column fusion-builder-column-4 fusion_builder_column_1_4 1_4 fusion-flex-column\"><div class=\"fusion-column-wrapper fusion-flex-justify-content-flex-start fusion-content-layout-column\" style=\"background-position:left top;background-repeat:no-repeat;-webkit-background-size:cover;-moz-background-size:cover;-o-background-size:cover;background-size:cover;padding: 0px 0px 0px 0px;\"><div ><span class=\" fusion-imageframe imageframe-none imageframe-4 hover-type-none\"><a href=\"https:\/\/superasiazaraiche.com\/wp-content\/uploads\/2020\/09\/P1377463-111-scaled.jpg\" class=\"fusion-lightbox\" data-rel=\"iLightbox[18898bbaf757845b6ae]\" data-title=\"P1377463-111\" title=\"P1377463-111\"><img width=\"2560\" height=\"1920\" src=\"https:\/\/superasiazaraiche.com\/wp-content\/uploads\/2020\/09\/P1377463-111-scaled.jpg\" class=\"img-responsive wp-image-3224\" srcset=\"https:\/\/superasiazaraiche.com\/wp-content\/uploads\/2020\/09\/P1377463-111-200x150.jpg 200w, https:\/\/superasiazaraiche.com\/wp-content\/uploads\/2020\/09\/P1377463-111-400x300.jpg 400w, https:\/\/superasiazaraiche.com\/wp-content\/uploads\/2020\/09\/P1377463-111-600x450.jpg 600w, https:\/\/superasiazaraiche.com\/wp-content\/uploads\/2020\/09\/P1377463-111-800x600.jpg 800w, https:\/\/superasiazaraiche.com\/wp-content\/uploads\/2020\/09\/P1377463-111-1200x900.jpg 1200w, https:\/\/superasiazaraiche.com\/wp-content\/uploads\/2020\/09\/P1377463-111-scaled.jpg 2560w\" sizes=\"(max-width: 1024px) 100vw, (max-width: 640px) 100vw, 400px\" \/><\/a><\/span><\/div><div class=\"fusion-text fusion-text-4\"><p style=\"text-align: center;\"><span style=\"vertical-align: inherit;\"><span style=\"vertical-align: inherit;\">Complementos<\/span><\/span><\/p>\n<\/div><\/div><\/div><style type=\"text\/css\">.fusion-body .fusion-builder-column-4{width:25% !important;margin-top : 25px;margin-bottom : 25px;}.fusion-builder-column-4 > .fusion-column-wrapper {padding-top : 0px !important;padding-right : 0px !important;margin-right : 7.68%;padding-bottom : 0px !important;padding-left : 0px !important;margin-left : 7.68%;}@media only screen and (max-width:1024px) {.fusion-body .fusion-builder-column-4{width:100% !important;order : 0;}.fusion-builder-column-4 > .fusion-column-wrapper {margin-right : 1.92%;margin-left : 1.92%;}}@media only screen and (max-width:640px) {.fusion-body .fusion-builder-column-4{width:100% !important;order : 0;}.fusion-builder-column-4 > .fusion-column-wrapper {margin-right : 1.92%;margin-left : 1.92%;}}<\/style><\/div><style type=\"text\/css\">.fusion-body .fusion-flex-container.fusion-builder-row-2{ padding-top : 20px;margin-top : 0px;padding-right : 0px;padding-bottom : 20px;margin-bottom : 0px;padding-left : 0px;}<\/style><\/div>\n","protected":false},"excerpt":{"rendered":"\u00bfLANA?\u00bfTIJERAS? AQU\u00cd PODR\u00c1S ENCONTRAR MUCHO MAS QUE ESOCrea tu bufanda o su\u00e9ter [...]","protected":false},"author":1,"featured_media":0,"parent":0,"menu_order":0,"comment_status":"closed","ping_status":"open","template":"100-width.php","meta":[],"_links":{"self":[{"href":"https:\/\/superasiazaraiche.com\/index.php?rest_route=\/wp\/v2\/pages\/2863"}],"collection":[{"href":"https:\/\/superasiazaraiche.com\/index.php?rest_route=\/wp\/v2\/pages"}],"about":[{"href":"https:\/\/superasiazaraiche.com\/index.php?rest_route=\/wp\/v2\/types\/page"}],"author":[{"embeddable":true,"href":"https:\/\/superasiazaraiche.com\/index.php?rest_route=\/wp\/v2\/users\/1"}],"replies":[{"embeddable":true,"href":"https:\/\/superasiazaraiche.com\/index.php?rest_route=%2Fwp%2Fv2%2Fcomments&post=2863"}],"version-history":[{"count":5,"href":"https:\/\/superasiazaraiche.com\/index.php?rest_route=\/wp\/v2\/pages\/2863\/revisions"}],"predecessor-version":[{"id":3270,"href":"https:\/\/superasiazaraiche.com\/index.php?rest_route=\/wp\/v2\/pages\/2863\/revisions\/3270"}],"wp:attachment":[{"href":"https:\/\/superasiazaraiche.com\/index.php?rest_route=%2Fwp%2Fv2%2Fmedia&parent=2863"}],"curies":[{"name":"wp","href":"https:\/\/api.w.org\/{rel}","templated":true}]}}