{"id":2865,"date":"2020-11-07T19:37:16","date_gmt":"2020-11-07T19:37:16","guid":{"rendered":"https:\/\/superasiazaraiche.com\/?page_id=2865"},"modified":"2021-04-05T17:10:08","modified_gmt":"2021-04-05T17:10:08","slug":"temporadas","status":"publish","type":"page","link":"https:\/\/superasiazaraiche.com\/?page_id=2865","title":{"rendered":"TEMPORADAS"},"content":{"rendered":"<div class=\"fusion-fullwidth fullwidth-box fusion-builder-row-1 fusion-flex-container nonhundred-percent-fullwidth non-hundred-percent-height-scrolling\" style=\"background-color: #f8f8f8;background-position: left top;background-repeat: no-repeat;border-width: 0px 0px 0px 0px;border-color:#eae9e9;border-style:solid;\" ><div class=\"fusion-builder-row fusion-row fusion-flex-align-items-flex-start\" style=\"max-width:calc( 1270px + 0px );margin-left: calc(-0px \/ 2 );margin-right: calc(-0px \/ 2 );\"><div class=\"fusion-layout-column fusion_builder_column fusion-builder-column-0 fusion_builder_column_1_1 1_1 fusion-flex-column fusion-flex-align-self-flex-start fusion-column-no-min-height\"><div class=\"fusion-column-wrapper fusion-flex-justify-content-flex-start fusion-content-layout-column\" style=\"background-position:left top;background-repeat:no-repeat;-webkit-background-size:cover;-moz-background-size:cover;-o-background-size:cover;background-size:cover;padding: 0px 0px 0px 0px;\"><style type=\"text\/css\">@media only screen and (max-width:1024px) {.fusion-title.fusion-title-1{margin-top:8px!important;margin-bottom:20px!important;}}@media only screen and (max-width:640px) {.fusion-title.fusion-title-1{margin-top:8px!important;margin-bottom:16px!important;}}<\/style><div class=\"fusion-title title fusion-title-1 fusion-sep-none fusion-title-center fusion-title-text fusion-title-size-two\" style=\"margin-top:8px;margin-bottom:20px;\"><h2 class=\"title-heading-center\" style=\"margin:0;\"><p style=\"text-align: center;\">\u00bfPRIMAVERA, VERANO, OTO\u00d1O, INVIERNO? CADA \u00c9POCA DEL A\u00d1O TRAEMOS LO MEJOR PARA TI<\/p><\/h2><\/div><\/div><\/div><style type=\"text\/css\">.fusion-body .fusion-builder-column-0{width:100% !important;margin-top : 0px;margin-bottom : 40px;}.fusion-builder-column-0 > .fusion-column-wrapper {padding-top : 0px !important;padding-right : 0px !important;margin-right : 0px;padding-bottom : 0px !important;padding-left : 0px !important;margin-left : 0px;}@media only screen and (max-width:1024px) {.fusion-body .fusion-builder-column-0{width:100% !important;}.fusion-builder-column-0 > .fusion-column-wrapper {margin-right : 0px;margin-left : 0px;}}@media only screen and (max-width:640px) {.fusion-body .fusion-builder-column-0{width:100% !important;}.fusion-builder-column-0 > .fusion-column-wrapper {margin-right : 0px;margin-left : 0px;}}<\/style><\/div><style type=\"text\/css\">.fusion-body .fusion-flex-container.fusion-builder-row-1{ padding-top : 38px;margin-top : 0px;padding-right : 0px;padding-bottom : 0px;margin-bottom : 0px;padding-left : 0px;}<\/style><\/div><div class=\"fusion-fullwidth fullwidth-box fusion-builder-row-2 fusion-flex-container nonhundred-percent-fullwidth non-hundred-percent-height-scrolling\" style=\"background-color: rgba(255,255,255,0);background-position: center center;background-repeat: no-repeat;border-width: 0px 0px 0px 0px;border-color:#eae9e9;border-style:solid;\" ><div class=\"fusion-builder-row fusion-row fusion-flex-align-items-flex-start\" style=\"max-width:1320.8px;margin-left: calc(-4% \/ 2 );margin-right: calc(-4% \/ 2 );\"><div class=\"fusion-layout-column fusion_builder_column fusion-builder-column-1 fusion_builder_column_1_4 1_4 fusion-flex-column\"><div class=\"fusion-column-wrapper fusion-flex-justify-content-flex-start fusion-content-layout-column\" style=\"background-position:left top;background-repeat:no-repeat;-webkit-background-size:cover;-moz-background-size:cover;-o-background-size:cover;background-size:cover;padding: 0px 0px 0px 0px;\"><div ><span class=\" fusion-imageframe imageframe-none imageframe-1 hover-type-none\"><a href=\"https:\/\/superasiazaraiche.com\/wp-content\/uploads\/2020\/09\/DSC_3537-32-300x199.jpg\" class=\"fusion-lightbox\" data-rel=\"iLightbox[75747594b147d85a957]\" data-title=\"DSC_3537-32\" title=\"DSC_3537-32\"><img width=\"300\" height=\"199\" src=\"https:\/\/superasiazaraiche.com\/wp-content\/uploads\/2020\/09\/DSC_3537-32-300x199.jpg\" class=\"img-responsive wp-image-3346\" srcset=\"https:\/\/superasiazaraiche.com\/wp-content\/uploads\/2020\/09\/DSC_3537-32-200x133.jpg 200w, https:\/\/superasiazaraiche.com\/wp-content\/uploads\/2020\/09\/DSC_3537-32-400x266.jpg 400w, https:\/\/superasiazaraiche.com\/wp-content\/uploads\/2020\/09\/DSC_3537-32-600x398.jpg 600w, https:\/\/superasiazaraiche.com\/wp-content\/uploads\/2020\/09\/DSC_3537-32-800x531.jpg 800w, https:\/\/superasiazaraiche.com\/wp-content\/uploads\/2020\/09\/DSC_3537-32-1200x797.jpg 1200w\" sizes=\"(max-width: 1024px) 100vw, (max-width: 640px) 100vw, 400px\" \/><\/a><\/span><\/div><div class=\"fusion-text fusion-text-1\"><p style=\"text-align: center;\">Siente el mar en casa<\/p>\n<\/div><\/div><\/div><style type=\"text\/css\">.fusion-body .fusion-builder-column-1{width:25% !important;margin-top : 25px;margin-bottom : 25px;}.fusion-builder-column-1 > .fusion-column-wrapper {padding-top : 0px !important;padding-right : 0px !important;margin-right : 7.68%;padding-bottom : 0px !important;padding-left : 0px !important;margin-left : 7.68%;}@media only screen and (max-width:1024px) {.fusion-body .fusion-builder-column-1{width:100% !important;order : 0;}.fusion-builder-column-1 > .fusion-column-wrapper {margin-right : 1.92%;margin-left : 1.92%;}}@media only screen and (max-width:640px) {.fusion-body .fusion-builder-column-1{width:100% !important;order : 0;}.fusion-builder-column-1 > .fusion-column-wrapper {margin-right : 1.92%;margin-left : 1.92%;}}<\/style><div class=\"fusion-layout-column fusion_builder_column fusion-builder-column-2 fusion_builder_column_1_4 1_4 fusion-flex-column\"><div class=\"fusion-column-wrapper fusion-flex-justify-content-flex-start fusion-content-layout-column\" style=\"background-position:left top;background-repeat:no-repeat;-webkit-background-size:cover;-moz-background-size:cover;-o-background-size:cover;background-size:cover;padding: 0px 0px 0px 0px;\"><div ><span class=\" fusion-imageframe imageframe-none imageframe-2 hover-type-none\"><a href=\"https:\/\/superasiazaraiche.com\/wp-content\/uploads\/2020\/09\/DSC_3616-58-1-300x200.jpg\" class=\"fusion-lightbox\" data-rel=\"iLightbox[629ee54f6616e035c80]\" data-title=\"DSC_3616-58\" title=\"DSC_3616-58\"><img width=\"300\" height=\"200\" src=\"https:\/\/superasiazaraiche.com\/wp-content\/uploads\/2020\/09\/DSC_3616-58-1-300x200.jpg\" class=\"img-responsive wp-image-3373\" srcset=\"https:\/\/superasiazaraiche.com\/wp-content\/uploads\/2020\/09\/DSC_3616-58-1-200x133.jpg 200w, https:\/\/superasiazaraiche.com\/wp-content\/uploads\/2020\/09\/DSC_3616-58-1-400x267.jpg 400w, https:\/\/superasiazaraiche.com\/wp-content\/uploads\/2020\/09\/DSC_3616-58-1-600x400.jpg 600w, https:\/\/superasiazaraiche.com\/wp-content\/uploads\/2020\/09\/DSC_3616-58-1-800x533.jpg 800w, https:\/\/superasiazaraiche.com\/wp-content\/uploads\/2020\/09\/DSC_3616-58-1-1200x800.jpg 1200w\" sizes=\"(max-width: 1024px) 100vw, (max-width: 640px) 100vw, 400px\" \/><\/a><\/span><\/div><div class=\"fusion-text fusion-text-2\"><p style=\"text-align: center;\">Prepara tus aperitivos de forma original<\/p>\n<\/div><\/div><\/div><style type=\"text\/css\">.fusion-body .fusion-builder-column-2{width:25% !important;margin-top : 25px;margin-bottom : 25px;}.fusion-builder-column-2 > .fusion-column-wrapper {padding-top : 0px !important;padding-right : 0px !important;margin-right : 7.68%;padding-bottom : 0px !important;padding-left : 0px !important;margin-left : 7.68%;}@media only screen and (max-width:1024px) {.fusion-body .fusion-builder-column-2{width:100% !important;order : 0;}.fusion-builder-column-2 > .fusion-column-wrapper {margin-right : 1.92%;margin-left : 1.92%;}}@media only screen and (max-width:640px) {.fusion-body .fusion-builder-column-2{width:100% !important;order : 0;}.fusion-builder-column-2 > .fusion-column-wrapper {margin-right : 1.92%;margin-left : 1.92%;}}<\/style><div class=\"fusion-layout-column fusion_builder_column fusion-builder-column-3 fusion_builder_column_1_4 1_4 fusion-flex-column\"><div class=\"fusion-column-wrapper fusion-flex-justify-content-flex-start fusion-content-layout-column\" style=\"background-position:left top;background-repeat:no-repeat;-webkit-background-size:cover;-moz-background-size:cover;-o-background-size:cover;background-size:cover;padding: 0px 0px 0px 0px;\"><div ><span class=\" fusion-imageframe imageframe-none imageframe-3 hover-type-none\"><a href=\"https:\/\/superasiazaraiche.com\/wp-content\/uploads\/2020\/09\/DSC_3608-55-1-300x200.jpg\" class=\"fusion-lightbox\" data-rel=\"iLightbox[6fb39033d00de830179]\" data-title=\"DSC_3608-55\" title=\"DSC_3608-55\"><img width=\"300\" height=\"200\" src=\"https:\/\/superasiazaraiche.com\/wp-content\/uploads\/2020\/09\/DSC_3608-55-1-300x200.jpg\" class=\"img-responsive wp-image-3372\" srcset=\"https:\/\/superasiazaraiche.com\/wp-content\/uploads\/2020\/09\/DSC_3608-55-1-200x133.jpg 200w, https:\/\/superasiazaraiche.com\/wp-content\/uploads\/2020\/09\/DSC_3608-55-1-400x267.jpg 400w, https:\/\/superasiazaraiche.com\/wp-content\/uploads\/2020\/09\/DSC_3608-55-1-600x400.jpg 600w, https:\/\/superasiazaraiche.com\/wp-content\/uploads\/2020\/09\/DSC_3608-55-1-800x533.jpg 800w, https:\/\/superasiazaraiche.com\/wp-content\/uploads\/2020\/09\/DSC_3608-55-1-1200x800.jpg 1200w\" sizes=\"(max-width: 1024px) 100vw, (max-width: 640px) 100vw, 400px\" \/><\/a><\/span><\/div><div class=\"fusion-text fusion-text-3\"><p style=\"text-align: center;\">C\u00f3cteles y bebidas con divertidas<\/p>\n<\/div><\/div><\/div><style type=\"text\/css\">.fusion-body .fusion-builder-column-3{width:25% !important;margin-top : 25px;margin-bottom : 25px;}.fusion-builder-column-3 > .fusion-column-wrapper {padding-top : 0px !important;padding-right : 0px !important;margin-right : 7.68%;padding-bottom : 0px !important;padding-left : 0px !important;margin-left : 7.68%;}@media only screen and (max-width:1024px) {.fusion-body .fusion-builder-column-3{width:100% !important;order : 0;}.fusion-builder-column-3 > .fusion-column-wrapper {margin-right : 1.92%;margin-left : 1.92%;}}@media only screen and (max-width:640px) {.fusion-body .fusion-builder-column-3{width:100% !important;order : 0;}.fusion-builder-column-3 > .fusion-column-wrapper {margin-right : 1.92%;margin-left : 1.92%;}}<\/style><div class=\"fusion-layout-column fusion_builder_column fusion-builder-column-4 fusion_builder_column_1_4 1_4 fusion-flex-column\"><div class=\"fusion-column-wrapper fusion-flex-justify-content-flex-start fusion-content-layout-column\" style=\"background-position:left top;background-repeat:no-repeat;-webkit-background-size:cover;-moz-background-size:cover;-o-background-size:cover;background-size:cover;padding: 0px 0px 0px 0px;\"><div ><span class=\" fusion-imageframe imageframe-none imageframe-4 hover-type-none\"><a href=\"https:\/\/superasiazaraiche.com\/wp-content\/uploads\/2020\/09\/DSC_3604-53-1-300x200.jpg\" class=\"fusion-lightbox\" data-rel=\"iLightbox[704dc639e115329a941]\" data-title=\"DSC_3604-53\" title=\"DSC_3604-53\"><img width=\"300\" height=\"200\" src=\"https:\/\/superasiazaraiche.com\/wp-content\/uploads\/2020\/09\/DSC_3604-53-1-300x200.jpg\" class=\"img-responsive wp-image-3371\" srcset=\"https:\/\/superasiazaraiche.com\/wp-content\/uploads\/2020\/09\/DSC_3604-53-1-200x133.jpg 200w, https:\/\/superasiazaraiche.com\/wp-content\/uploads\/2020\/09\/DSC_3604-53-1-400x267.jpg 400w, https:\/\/superasiazaraiche.com\/wp-content\/uploads\/2020\/09\/DSC_3604-53-1-600x400.jpg 600w, https:\/\/superasiazaraiche.com\/wp-content\/uploads\/2020\/09\/DSC_3604-53-1-800x533.jpg 800w, https:\/\/superasiazaraiche.com\/wp-content\/uploads\/2020\/09\/DSC_3604-53-1-1200x800.jpg 1200w\" sizes=\"(max-width: 1024px) 100vw, (max-width: 640px) 100vw, 400px\" \/><\/a><\/span><\/div><div class=\"fusion-text fusion-text-4\"><p style=\"text-align: center;\">Tu verano m\u00e1s divertido<\/p>\n<\/div><\/div><\/div><style type=\"text\/css\">.fusion-body .fusion-builder-column-4{width:25% !important;margin-top : 25px;margin-bottom : 25px;}.fusion-builder-column-4 > .fusion-column-wrapper {padding-top : 0px !important;padding-right : 0px !important;margin-right : 7.68%;padding-bottom : 0px !important;padding-left : 0px !important;margin-left : 7.68%;}@media only screen and (max-width:1024px) {.fusion-body .fusion-builder-column-4{width:100% !important;order : 0;}.fusion-builder-column-4 > .fusion-column-wrapper {margin-right : 1.92%;margin-left : 1.92%;}}@media only screen and (max-width:640px) {.fusion-body .fusion-builder-column-4{width:100% !important;order : 0;}.fusion-builder-column-4 > .fusion-column-wrapper {margin-right : 1.92%;margin-left : 1.92%;}}<\/style><\/div><style type=\"text\/css\">.fusion-body .fusion-flex-container.fusion-builder-row-2{ padding-top : 0%;margin-top : 0px;padding-right : 0px;padding-bottom : 2%;margin-bottom : 0px;padding-left : 0px;}<\/style><\/div><div class=\"fusion-fullwidth fullwidth-box fusion-builder-row-3 fusion-flex-container nonhundred-percent-fullwidth non-hundred-percent-height-scrolling\" style=\"background-color: rgba(255,255,255,0);background-position: center center;background-repeat: no-repeat;border-width: 0px 0px 0px 0px;border-color:#eae9e9;border-style:solid;\" ><div class=\"fusion-builder-row fusion-row fusion-flex-align-items-flex-start\" style=\"max-width:1320.8px;margin-left: calc(-4% \/ 2 );margin-right: calc(-4% \/ 2 );\"><div class=\"fusion-layout-column fusion_builder_column fusion-builder-column-5 fusion_builder_column_1_4 1_4 fusion-flex-column\"><div class=\"fusion-column-wrapper fusion-flex-justify-content-flex-start fusion-content-layout-column\" style=\"background-position:left top;background-repeat:no-repeat;-webkit-background-size:cover;-moz-background-size:cover;-o-background-size:cover;background-size:cover;padding: 0px 0px 0px 0px;\"><div ><span class=\" fusion-imageframe imageframe-none imageframe-5 hover-type-none\"><a href=\"https:\/\/superasiazaraiche.com\/wp-content\/uploads\/2020\/09\/DSC_3642-65-1-300x200.jpg\" class=\"fusion-lightbox\" data-rel=\"iLightbox[9cd491b16f976c7e9b7]\" data-title=\"DSC_3642-65\" title=\"DSC_3642-65\"><img width=\"300\" height=\"200\" src=\"https:\/\/superasiazaraiche.com\/wp-content\/uploads\/2020\/09\/DSC_3642-65-1-300x200.jpg\" class=\"img-responsive wp-image-3378\" srcset=\"https:\/\/superasiazaraiche.com\/wp-content\/uploads\/2020\/09\/DSC_3642-65-1-200x133.jpg 200w, https:\/\/superasiazaraiche.com\/wp-content\/uploads\/2020\/09\/DSC_3642-65-1-400x267.jpg 400w, https:\/\/superasiazaraiche.com\/wp-content\/uploads\/2020\/09\/DSC_3642-65-1-600x400.jpg 600w, https:\/\/superasiazaraiche.com\/wp-content\/uploads\/2020\/09\/DSC_3642-65-1-800x533.jpg 800w, https:\/\/superasiazaraiche.com\/wp-content\/uploads\/2020\/09\/DSC_3642-65-1-1200x800.jpg 1200w\" sizes=\"(max-width: 1024px) 100vw, (max-width: 640px) 100vw, 400px\" \/><\/a><\/span><\/div><div class=\"fusion-text fusion-text-5\"><p style=\"text-align: center;\">Llena tu hogar de paz y armon\u00eda<\/p>\n<\/div><\/div><\/div><style type=\"text\/css\">.fusion-body .fusion-builder-column-5{width:25% !important;margin-top : 25px;margin-bottom : 25px;}.fusion-builder-column-5 > .fusion-column-wrapper {padding-top : 0px !important;padding-right : 0px !important;margin-right : 7.68%;padding-bottom : 0px !important;padding-left : 0px !important;margin-left : 7.68%;}@media only screen and (max-width:1024px) {.fusion-body .fusion-builder-column-5{width:100% !important;order : 0;}.fusion-builder-column-5 > .fusion-column-wrapper {margin-right : 1.92%;margin-left : 1.92%;}}@media only screen and (max-width:640px) {.fusion-body .fusion-builder-column-5{width:100% !important;order : 0;}.fusion-builder-column-5 > .fusion-column-wrapper {margin-right : 1.92%;margin-left : 1.92%;}}<\/style><div class=\"fusion-layout-column fusion_builder_column fusion-builder-column-6 fusion_builder_column_1_4 1_4 fusion-flex-column\"><div class=\"fusion-column-wrapper fusion-flex-justify-content-flex-start fusion-content-layout-column\" style=\"background-position:left top;background-repeat:no-repeat;-webkit-background-size:cover;-moz-background-size:cover;-o-background-size:cover;background-size:cover;padding: 0px 0px 0px 0px;\"><div ><span class=\" fusion-imageframe imageframe-none imageframe-6 hover-type-none\"><a href=\"https:\/\/superasiazaraiche.com\/wp-content\/uploads\/2020\/09\/P1433034-8-1-300x225.jpg\" class=\"fusion-lightbox\" data-rel=\"iLightbox[b286c21f5e3cf9e988c]\" data-title=\"P1433034-8\" title=\"P1433034-8\"><img width=\"300\" height=\"225\" src=\"https:\/\/superasiazaraiche.com\/wp-content\/uploads\/2020\/09\/P1433034-8-1-300x225.jpg\" class=\"img-responsive wp-image-3379\" srcset=\"https:\/\/superasiazaraiche.com\/wp-content\/uploads\/2020\/09\/P1433034-8-1-200x150.jpg 200w, https:\/\/superasiazaraiche.com\/wp-content\/uploads\/2020\/09\/P1433034-8-1-400x300.jpg 400w, https:\/\/superasiazaraiche.com\/wp-content\/uploads\/2020\/09\/P1433034-8-1-600x450.jpg 600w, https:\/\/superasiazaraiche.com\/wp-content\/uploads\/2020\/09\/P1433034-8-1-800x600.jpg 800w, https:\/\/superasiazaraiche.com\/wp-content\/uploads\/2020\/09\/P1433034-8-1-1200x900.jpg 1200w\" sizes=\"(max-width: 1024px) 100vw, (max-width: 640px) 100vw, 400px\" \/><\/a><\/span><\/div><div class=\"fusion-text fusion-text-6\"><p style=\"text-align: center;\">Plantas que parecen reales<\/p>\n<\/div><\/div><\/div><style type=\"text\/css\">.fusion-body .fusion-builder-column-6{width:25% !important;margin-top : 25px;margin-bottom : 25px;}.fusion-builder-column-6 > .fusion-column-wrapper {padding-top : 0px !important;padding-right : 0px !important;margin-right : 7.68%;padding-bottom : 0px !important;padding-left : 0px !important;margin-left : 7.68%;}@media only screen and (max-width:1024px) {.fusion-body .fusion-builder-column-6{width:100% !important;order : 0;}.fusion-builder-column-6 > .fusion-column-wrapper {margin-right : 1.92%;margin-left : 1.92%;}}@media only screen and (max-width:640px) {.fusion-body .fusion-builder-column-6{width:100% !important;order : 0;}.fusion-builder-column-6 > .fusion-column-wrapper {margin-right : 1.92%;margin-left : 1.92%;}}<\/style><div class=\"fusion-layout-column fusion_builder_column fusion-builder-column-7 fusion_builder_column_1_4 1_4 fusion-flex-column\"><div class=\"fusion-column-wrapper fusion-flex-justify-content-flex-start fusion-content-layout-column\" style=\"background-position:left top;background-repeat:no-repeat;-webkit-background-size:cover;-moz-background-size:cover;-o-background-size:cover;background-size:cover;padding: 0px 0px 0px 0px;\"><div ><span class=\" fusion-imageframe imageframe-none imageframe-7 hover-type-none\"><a href=\"https:\/\/superasiazaraiche.com\/wp-content\/uploads\/2020\/09\/P1433077-21-1-300x225.jpg\" class=\"fusion-lightbox\" data-rel=\"iLightbox[6005c949bfa7f338918]\" data-title=\"P1433077-21\" title=\"P1433077-21\"><img width=\"300\" height=\"225\" src=\"https:\/\/superasiazaraiche.com\/wp-content\/uploads\/2020\/09\/P1433077-21-1-300x225.jpg\" class=\"img-responsive wp-image-3380\" srcset=\"https:\/\/superasiazaraiche.com\/wp-content\/uploads\/2020\/09\/P1433077-21-1-200x150.jpg 200w, https:\/\/superasiazaraiche.com\/wp-content\/uploads\/2020\/09\/P1433077-21-1-400x300.jpg 400w, https:\/\/superasiazaraiche.com\/wp-content\/uploads\/2020\/09\/P1433077-21-1-600x450.jpg 600w, https:\/\/superasiazaraiche.com\/wp-content\/uploads\/2020\/09\/P1433077-21-1-800x600.jpg 800w, https:\/\/superasiazaraiche.com\/wp-content\/uploads\/2020\/09\/P1433077-21-1-1200x900.jpg 1200w\" sizes=\"(max-width: 1024px) 100vw, (max-width: 640px) 100vw, 400px\" \/><\/a><\/span><\/div><div class=\"fusion-text fusion-text-7\"><p style=\"text-align: center;\">Almacenamiento con estilo<\/p>\n<\/div><\/div><\/div><style type=\"text\/css\">.fusion-body .fusion-builder-column-7{width:25% !important;margin-top : 25px;margin-bottom : 25px;}.fusion-builder-column-7 > .fusion-column-wrapper {padding-top : 0px !important;padding-right : 0px !important;margin-right : 7.68%;padding-bottom : 0px !important;padding-left : 0px !important;margin-left : 7.68%;}@media only screen and (max-width:1024px) {.fusion-body .fusion-builder-column-7{width:100% !important;order : 0;}.fusion-builder-column-7 > .fusion-column-wrapper {margin-right : 1.92%;margin-left : 1.92%;}}@media only screen and (max-width:640px) {.fusion-body .fusion-builder-column-7{width:100% !important;order : 0;}.fusion-builder-column-7 > .fusion-column-wrapper {margin-right : 1.92%;margin-left : 1.92%;}}<\/style><div class=\"fusion-layout-column fusion_builder_column fusion-builder-column-8 fusion_builder_column_1_4 1_4 fusion-flex-column\"><div class=\"fusion-column-wrapper fusion-flex-justify-content-flex-start fusion-content-layout-column\" style=\"background-position:left top;background-repeat:no-repeat;-webkit-background-size:cover;-moz-background-size:cover;-o-background-size:cover;background-size:cover;padding: 0px 0px 0px 0px;\"><div ><span class=\" fusion-imageframe imageframe-none imageframe-8 hover-type-none\"><a href=\"https:\/\/superasiazaraiche.com\/wp-content\/uploads\/2020\/09\/DSC_3638-63-1-300x200.jpg\" class=\"fusion-lightbox\" data-rel=\"iLightbox[ed59097dddb67535489]\" data-title=\"DSC_3638-63\" title=\"DSC_3638-63\"><img width=\"300\" height=\"200\" src=\"https:\/\/superasiazaraiche.com\/wp-content\/uploads\/2020\/09\/DSC_3638-63-1-300x200.jpg\" class=\"img-responsive wp-image-3377\" srcset=\"https:\/\/superasiazaraiche.com\/wp-content\/uploads\/2020\/09\/DSC_3638-63-1-200x133.jpg 200w, https:\/\/superasiazaraiche.com\/wp-content\/uploads\/2020\/09\/DSC_3638-63-1-400x267.jpg 400w, https:\/\/superasiazaraiche.com\/wp-content\/uploads\/2020\/09\/DSC_3638-63-1-600x400.jpg 600w, https:\/\/superasiazaraiche.com\/wp-content\/uploads\/2020\/09\/DSC_3638-63-1-800x533.jpg 800w, https:\/\/superasiazaraiche.com\/wp-content\/uploads\/2020\/09\/DSC_3638-63-1-1200x800.jpg 1200w\" sizes=\"(max-width: 1024px) 100vw, (max-width: 640px) 100vw, 400px\" \/><\/a><\/span><\/div><div class=\"fusion-text fusion-text-8\"><p style=\"text-align: center;\">Decoraciones Vintage<\/p>\n<\/div><\/div><\/div><style type=\"text\/css\">.fusion-body .fusion-builder-column-8{width:25% !important;margin-top : 25px;margin-bottom : 25px;}.fusion-builder-column-8 > .fusion-column-wrapper {padding-top : 0px !important;padding-right : 0px !important;margin-right : 7.68%;padding-bottom : 0px !important;padding-left : 0px !important;margin-left : 7.68%;}@media only screen and (max-width:1024px) {.fusion-body .fusion-builder-column-8{width:100% !important;order : 0;}.fusion-builder-column-8 > .fusion-column-wrapper {margin-right : 1.92%;margin-left : 1.92%;}}@media only screen and (max-width:640px) {.fusion-body .fusion-builder-column-8{width:100% !important;order : 0;}.fusion-builder-column-8 > .fusion-column-wrapper {margin-right : 1.92%;margin-left : 1.92%;}}<\/style><\/div><style type=\"text\/css\">.fusion-body .fusion-flex-container.fusion-builder-row-3{ padding-top : 1%;margin-top : 0px;padding-right : 0px;padding-bottom : 0%;margin-bottom : 0px;padding-left : 0px;}<\/style><\/div>\n","protected":false},"excerpt":{"rendered":"\u00bfPRIMAVERA, VERANO, OTO\u00d1O, INVIERNO? CADA \u00c9POCA DEL A\u00d1O TRAEMOS LO MEJOR PARA [...]","protected":false},"author":1,"featured_media":0,"parent":0,"menu_order":0,"comment_status":"closed","ping_status":"open","template":"100-width.php","meta":[],"_links":{"self":[{"href":"https:\/\/superasiazaraiche.com\/index.php?rest_route=\/wp\/v2\/pages\/2865"}],"collection":[{"href":"https:\/\/superasiazaraiche.com\/index.php?rest_route=\/wp\/v2\/pages"}],"about":[{"href":"https:\/\/superasiazaraiche.com\/index.php?rest_route=\/wp\/v2\/types\/page"}],"author":[{"embeddable":true,"href":"https:\/\/superasiazaraiche.com\/index.php?rest_route=\/wp\/v2\/users\/1"}],"replies":[{"embeddable":true,"href":"https:\/\/superasiazaraiche.com\/index.php?rest_route=%2Fwp%2Fv2%2Fcomments&post=2865"}],"version-history":[{"count":8,"href":"https:\/\/superasiazaraiche.com\/index.php?rest_route=\/wp\/v2\/pages\/2865\/revisions"}],"predecessor-version":[{"id":3381,"href":"https:\/\/superasiazaraiche.com\/index.php?rest_route=\/wp\/v2\/pages\/2865\/revisions\/3381"}],"wp:attachment":[{"href":"https:\/\/superasiazaraiche.com\/index.php?rest_route=%2Fwp%2Fv2%2Fmedia&parent=2865"}],"curies":[{"name":"wp","href":"https:\/\/api.w.org\/{rel}","templated":true}]}}